{"id":456,"date":"2026-03-28T23:29:36","date_gmt":"2026-03-28T23:29:36","guid":{"rendered":"https:\/\/8north.co\/?page_id=456"},"modified":"2026-03-29T09:46:54","modified_gmt":"2026-03-29T09:46:54","slug":"456-2","status":"publish","type":"page","link":"https:\/\/8north.co\/index.php\/pl\/456-2\/","title":{"rendered":"Home PL"},"content":{"rendered":"\n<div class=\"wp-block-cover alignfull has-custom-content-position is-position-bottom-left\" style=\"padding-right:40px;padding-bottom:200px;padding-left:450px;min-height:100vh;aspect-ratio:unset;\"><img loading=\"lazy\" decoding=\"async\" width=\"2560\" height=\"1078\" class=\"wp-block-cover__image-background wp-image-433 size-full\" alt=\"\" src=\"https:\/\/8north.co\/wp-content\/uploads\/2026\/03\/IMG_20220202_182359-4-scaled.jpg\" style=\"object-position:67% 41%\" data-object-fit=\"cover\" data-object-position=\"67% 41%\" srcset=\"https:\/\/8north.co\/wp-content\/uploads\/2026\/03\/IMG_20220202_182359-4-scaled.jpg 2560w, https:\/\/8north.co\/wp-content\/uploads\/2026\/03\/IMG_20220202_182359-4-300x126.jpg 300w, https:\/\/8north.co\/wp-content\/uploads\/2026\/03\/IMG_20220202_182359-4-1024x431.jpg 1024w, https:\/\/8north.co\/wp-content\/uploads\/2026\/03\/IMG_20220202_182359-4-768x323.jpg 768w, https:\/\/8north.co\/wp-content\/uploads\/2026\/03\/IMG_20220202_182359-4-1536x647.jpg 1536w, https:\/\/8north.co\/wp-content\/uploads\/2026\/03\/IMG_20220202_182359-4-2048x862.jpg 2048w\" sizes=\"auto, (max-width: 2560px) 100vw, 2560px\" \/><span aria-hidden=\"true\" class=\"wp-block-cover__background has-contrast-background-color has-background-dim-30 has-background-dim\"><\/span><div class=\"wp-block-cover__inner-container has-global-padding is-layout-constrained wp-container-core-cover-is-layout-56bd6cfc wp-block-cover-is-layout-constrained\">\n<p class=\"has-text-align-left has-text-color has-link-color has-small-font-size wp-elements-2ba3b4fc9853697d1e37079738d8f830\" style=\"color:#d9d5cf;letter-spacing:0.18em\"><strong>AFRYKA ZACHODNIA<\/strong><\/p>\n\n\n\n<h1 class=\"wp-block-heading has-text-align-left has-xx-large-font-size\" style=\"margin-top:10px;margin-bottom:0px\">8\u00b0 North<\/h1>\n\n\n\n<p class=\"has-text-color has-link-color has-large-font-size wp-elements-708d69c8175a77b6218ada46c2444aba\" style=\"color:#d9d5cf;margin-top:0;margin-right:0;margin-bottom:0;margin-left:0\">Sierra Leone, w terenie.<\/p>\n<\/div><\/div>\n\n\n\n<div class=\"wp-block-columns alignwide has-background is-layout-flex wp-container-core-columns-is-layout-42786248 wp-block-columns-is-layout-flex\" style=\"background-color:#f5f3ef;padding-top:100px;padding-bottom:100px\">\n<div class=\"wp-block-column is-layout-flow wp-block-column-is-layout-flow\">\n<p class=\"has-contrast-3-color has-text-color has-link-color has-medium-font-size wp-elements-bd55675081df4b1f7e52e49764c4d357\" style=\"padding-top:0;padding-right:0;padding-bottom:0;padding-left:0;text-transform:uppercase\">PO\u0141O\u017bENIE<\/p>\n\n\n\n<h2 class=\"wp-block-heading has-text-align-left has-x-large-font-size\" style=\"padding-top:0;padding-right:0;padding-bottom:0;padding-left:0;line-height:1.2\">Okre\u015blone przez miejsce.<\/h2>\n\n\n\n<p>8\u00b0 North powsta\u0142o dzi\u0119ki bezpo\u015bredniej obecno\u015bci w Sierra Leone \u2014<\/p>\n\n\n\n<p>nie zdalnej analizie<br>ani relacjom z drugiej r\u0119ki,<\/p>\n\n\n\n<p>ale pracy ukszta\u0142towanej przez realne warunki w terenie.<\/p>\n<\/div>\n\n\n\n<div class=\"wp-block-column is-layout-flow wp-block-column-is-layout-flow\">\n<div class=\"wp-block-group has-global-padding is-layout-constrained wp-block-group-is-layout-constrained\">\n<div class=\"wp-block-group has-global-padding is-layout-constrained wp-block-group-is-layout-constrained\">\n<figure class=\"wp-block-image aligncenter size-full is-resized has-custom-border wp-duotone-unset-1\"><img loading=\"lazy\" decoding=\"async\" width=\"1536\" height=\"1024\" src=\"https:\/\/8north.co\/wp-content\/uploads\/2026\/03\/ChatGPT-Image-Mar-27-2026-11_38_34-PM.png\" alt=\"\" class=\"wp-image-438\" style=\"border-width:1px;aspect-ratio:1;object-fit:cover;width:600px\" srcset=\"https:\/\/8north.co\/wp-content\/uploads\/2026\/03\/ChatGPT-Image-Mar-27-2026-11_38_34-PM.png 1536w, https:\/\/8north.co\/wp-content\/uploads\/2026\/03\/ChatGPT-Image-Mar-27-2026-11_38_34-PM-300x200.png 300w, https:\/\/8north.co\/wp-content\/uploads\/2026\/03\/ChatGPT-Image-Mar-27-2026-11_38_34-PM-1024x683.png 1024w, https:\/\/8north.co\/wp-content\/uploads\/2026\/03\/ChatGPT-Image-Mar-27-2026-11_38_34-PM-768x512.png 768w\" sizes=\"auto, (max-width: 1536px) 100vw, 1536px\" \/><\/figure>\n<\/div>\n<\/div>\n<\/div>\n<\/div>\n\n\n\n<div class=\"wp-block-group has-global-padding is-layout-constrained wp-block-group-is-layout-constrained\">\n<h2 class=\"wp-block-heading has-text-align-left has-x-large-font-size\">Z terenu<\/h2>\n\n\n\n<p class=\"has-contrast-2-color has-text-color has-link-color wp-elements-9920029a6f8b4ba75c361e4abd442675\">Bli\u017csze spojrzenie na ruch, prac\u0119 i mo\u017cliwo\u015bci w realnych warunkach.<\/p>\n\n\n\n<figure class=\"wp-block-image alignfull size-full\"><img loading=\"lazy\" decoding=\"async\" width=\"2560\" height=\"1152\" src=\"https:\/\/8north.co\/wp-content\/uploads\/2026\/03\/IMG_20211224_093529-3-scaled.jpg\" alt=\"\" class=\"wp-image-441\" srcset=\"https:\/\/8north.co\/wp-content\/uploads\/2026\/03\/IMG_20211224_093529-3-scaled.jpg 2560w, https:\/\/8north.co\/wp-content\/uploads\/2026\/03\/IMG_20211224_093529-3-300x135.jpg 300w, https:\/\/8north.co\/wp-content\/uploads\/2026\/03\/IMG_20211224_093529-3-1024x461.jpg 1024w, https:\/\/8north.co\/wp-content\/uploads\/2026\/03\/IMG_20211224_093529-3-768x346.jpg 768w, https:\/\/8north.co\/wp-content\/uploads\/2026\/03\/IMG_20211224_093529-3-1536x691.jpg 1536w, https:\/\/8north.co\/wp-content\/uploads\/2026\/03\/IMG_20211224_093529-3-2048x922.jpg 2048w\" sizes=\"auto, (max-width: 2560px) 100vw, 2560px\" \/><\/figure>\n\n\n\n<p class=\"has-text-align-left has-contrast-2-color has-text-color has-link-color wp-elements-16bcc526c7c5d344dbc3ca2eb4b5aecb\"><strong>Drogi<\/strong><br>Trasy, odleg\u0142o\u015bci, sezonowo\u015b\u0107 i praktyczne realia przemieszczania si\u0119.<\/p>\n\n\n\n<figure class=\"wp-block-image alignfull size-full\" style=\"margin-top:60px\"><img loading=\"lazy\" decoding=\"async\" width=\"2560\" height=\"1152\" src=\"https:\/\/8north.co\/wp-content\/uploads\/2026\/03\/odkrywka-1-scaled.jpg\" alt=\"\" class=\"wp-image-442\" srcset=\"https:\/\/8north.co\/wp-content\/uploads\/2026\/03\/odkrywka-1-scaled.jpg 2560w, https:\/\/8north.co\/wp-content\/uploads\/2026\/03\/odkrywka-1-300x135.jpg 300w, https:\/\/8north.co\/wp-content\/uploads\/2026\/03\/odkrywka-1-1024x461.jpg 1024w, https:\/\/8north.co\/wp-content\/uploads\/2026\/03\/odkrywka-1-768x346.jpg 768w, https:\/\/8north.co\/wp-content\/uploads\/2026\/03\/odkrywka-1-1536x691.jpg 1536w, https:\/\/8north.co\/wp-content\/uploads\/2026\/03\/odkrywka-1-2048x922.jpg 2048w\" sizes=\"auto, (max-width: 2560px) 100vw, 2560px\" \/><\/figure>\n\n\n\n<p class=\"has-contrast-2-color has-text-color has-link-color wp-elements-8a16bee69d409af37e1e306133d2f947\"><strong>Diamenty<br><\/strong>Bezpo\u015bredni wgl\u0105d w wydobycie na ma\u0142\u0105 skal\u0119, prac\u0119 i lokaln\u0105 aktywno\u015b\u0107 wydobywcz\u0105.<\/p>\n\n\n\n<figure class=\"wp-block-image alignfull size-full\" style=\"margin-top:60px\"><img loading=\"lazy\" decoding=\"async\" width=\"2560\" height=\"1152\" src=\"https:\/\/8north.co\/wp-content\/uploads\/2026\/03\/ogorki-1-scaled.jpg\" alt=\"\" class=\"wp-image-446\" srcset=\"https:\/\/8north.co\/wp-content\/uploads\/2026\/03\/ogorki-1-scaled.jpg 2560w, https:\/\/8north.co\/wp-content\/uploads\/2026\/03\/ogorki-1-300x135.jpg 300w, https:\/\/8north.co\/wp-content\/uploads\/2026\/03\/ogorki-1-1024x461.jpg 1024w, https:\/\/8north.co\/wp-content\/uploads\/2026\/03\/ogorki-1-768x346.jpg 768w, https:\/\/8north.co\/wp-content\/uploads\/2026\/03\/ogorki-1-1536x691.jpg 1536w, https:\/\/8north.co\/wp-content\/uploads\/2026\/03\/ogorki-1-2048x922.jpg 2048w\" sizes=\"auto, (max-width: 2560px) 100vw, 2560px\" \/><\/figure>\n\n\n\n<p class=\"has-contrast-2-color has-text-color has-link-color wp-elements-9dfde59fe1695e22f2abd549f8136e75\"><strong>Rolnictwo na ma\u0142\u0105 skal\u0119<br><\/strong>Codzienne praktyki rolnicze &#8211; ograniczenia i potencja\u0142.<\/p>\n<\/div>\n\n\n\n<div class=\"wp-block-group has-global-padding is-layout-constrained wp-block-group-is-layout-constrained\">\n<h2 class=\"wp-block-heading has-x-large-font-size\">Mo\u017cliwo\u015bci<\/h2>\n\n\n\n<p class=\"has-contrast-2-color has-text-color has-link-color wp-elements-142652a05f21f78358e1e804e1d6dffa\">Kluczowe sektory, w kt\u00f3rych dost\u0119p do terenu i lokalne zrozumienie maj\u0105 najwi\u0119ksze znaczenie.<\/p>\n\n\n\n<div class=\"wp-block-columns is-layout-flex wp-container-core-columns-is-layout-28f84493 wp-block-columns-is-layout-flex\">\n<div class=\"wp-block-column has-medium-font-size is-layout-flow wp-block-column-is-layout-flow\">\n<p><strong>Rolnictwo<\/strong><br>Produkcja podstawowa, u\u017cytkowanie ziemi i lokalny potencja\u0142 poda\u017cy<strong>.<\/strong><\/p>\n<\/div>\n\n\n\n<div class=\"wp-block-column is-layout-flow wp-block-column-is-layout-flow\">\n<p><strong>Surowce mineralne<br><\/strong>Zrozumienie warunk\u00f3w wydobycia i aktywno\u015bci w terenie.<\/p>\n<\/div>\n<\/div>\n\n\n\n<div class=\"wp-block-columns is-layout-flex wp-container-core-columns-is-layout-28f84493 wp-block-columns-is-layout-flex\">\n<div class=\"wp-block-column is-layout-flow wp-block-column-is-layout-flow\">\n<p><strong>Infrastruktura<\/strong><br>Transport, logistyka i realne warunki wp\u0142ywaj\u0105ce na realizacj\u0119 projekt\u00f3w.<\/p>\n<\/div>\n\n\n\n<div class=\"wp-block-column is-layout-flow wp-block-column-is-layout-flow\">\n<p><strong>Energia<\/strong><br>Lokalne potrzeby, ograniczenia i obszary w kt\u00f3rych praktyczne rozwi\u0105zania maj\u0105 znaczenie.<\/p>\n<\/div>\n<\/div>\n<\/div>\n\n\n\n<div class=\"wp-block-group has-global-padding is-layout-constrained wp-block-group-is-layout-constrained\">\n<h2 class=\"wp-block-heading has-x-large-font-size\">Kontakt<\/h2>\n\n\n\n<p><strong>Email:<\/strong> <a>info@<\/a>8north.co<\/p>\n\n\n\n<p class=\"has-contrast-2-color has-text-color has-link-color wp-elements-35e9a4e2fb6e6054bbe646de32fee63e\">W sprawie wsp\u00f3\u0142pracy, projekt\u00f3w lub kontaktu bezpo\u015bredniego.<\/p>\n<\/div>\n","protected":false},"excerpt":{"rendered":"<p>PO\u0141O\u017bENIE Okre\u015blone przez miejsce. 8\u00b0 North powsta\u0142o dzi\u0119ki bezpo\u015bredniej obecno\u015bci w Sierra Leone \u2014 nie zdalnej analizieani relacjom z drugiej r\u0119ki, ale pracy ukszta\u0142towanej przez realne warunki w terenie. Z terenu Bli\u017csze spojrzenie na ruch, prac\u0119 i mo\u017cliwo\u015bci w realnych warunkach. DrogiTrasy, odleg\u0142o\u015bci, sezonowo\u015b\u0107 i praktyczne realia przemieszczania si\u0119. DiamentyBezpo\u015bredni wgl\u0105d w wydobycie na ma\u0142\u0105 [&hellip;]<\/p>\n","protected":false},"author":1,"featured_media":0,"parent":0,"menu_order":0,"comment_status":"closed","ping_status":"closed","template":"","meta":{"footnotes":""},"class_list":["post-456","page","type-page","status-publish","hentry"],"_links":{"self":[{"href":"https:\/\/8north.co\/index.php\/wp-json\/wp\/v2\/pages\/456","targetHints":{"allow":["GET"]}}],"collection":[{"href":"https:\/\/8north.co\/index.php\/wp-json\/wp\/v2\/pages"}],"about":[{"href":"https:\/\/8north.co\/index.php\/wp-json\/wp\/v2\/types\/page"}],"author":[{"embeddable":true,"href":"https:\/\/8north.co\/index.php\/wp-json\/wp\/v2\/users\/1"}],"replies":[{"embeddable":true,"href":"https:\/\/8north.co\/index.php\/wp-json\/wp\/v2\/comments?post=456"}],"version-history":[{"count":3,"href":"https:\/\/8north.co\/index.php\/wp-json\/wp\/v2\/pages\/456\/revisions"}],"predecessor-version":[{"id":462,"href":"https:\/\/8north.co\/index.php\/wp-json\/wp\/v2\/pages\/456\/revisions\/462"}],"wp:attachment":[{"href":"https:\/\/8north.co\/index.php\/wp-json\/wp\/v2\/media?parent=456"}],"curies":[{"name":"wp","href":"https:\/\/api.w.org\/{rel}","templated":true}]}}